{"id":2671,"date":"2024-05-29T18:34:15","date_gmt":"2024-05-29T18:34:15","guid":{"rendered":"https:\/\/soldaduramoreno.cl\/?page_id=2671"},"modified":"2024-06-01T22:45:05","modified_gmt":"2024-06-01T22:45:05","slug":"sobre-nosotros","status":"publish","type":"page","link":"https:\/\/soldaduramoreno.cl\/index.php\/sobre-nosotros\/","title":{"rendered":"Sobre Nosotros"},"content":{"rendered":"\t\t<div data-elementor-type=\"wp-page\" data-elementor-id=\"2671\" class=\"elementor elementor-2671\" data-elementor-post-type=\"page\">\n\t\t\t\t\t\t<section class=\"elementor-section elementor-top-section elementor-element elementor-element-852b54d elementor-section-boxed elementor-section-height-default elementor-section-height-default\" data-id=\"852b54d\" data-element_type=\"section\" data-settings=\"{&quot;jet_parallax_layout_list&quot;:[]}\">\n\t\t\t\t\t\t<div class=\"elementor-container elementor-column-gap-default\">\n\t\t\t\t\t<div class=\"elementor-column elementor-col-100 elementor-top-column elementor-element elementor-element-7345d97\" data-id=\"7345d97\" data-element_type=\"column\">\n\t\t\t<div class=\"elementor-widget-wrap elementor-element-populated\">\n\t\t\t\t\t\t<div class=\"elementor-element elementor-element-0b7b59e elementor-widget elementor-widget-heading\" data-id=\"0b7b59e\" data-element_type=\"widget\" data-widget_type=\"heading.default\">\n\t\t\t\t<div class=\"elementor-widget-container\">\n\t\t\t<style>\/*! elementor - v3.21.0 - 26-05-2024 *\/\n.elementor-heading-title{padding:0;margin:0;line-height:1}.elementor-widget-heading .elementor-heading-title[class*=elementor-size-]>a{color:inherit;font-size:inherit;line-height:inherit}.elementor-widget-heading .elementor-heading-title.elementor-size-small{font-size:15px}.elementor-widget-heading .elementor-heading-title.elementor-size-medium{font-size:19px}.elementor-widget-heading .elementor-heading-title.elementor-size-large{font-size:29px}.elementor-widget-heading .elementor-heading-title.elementor-size-xl{font-size:39px}.elementor-widget-heading .elementor-heading-title.elementor-size-xxl{font-size:59px}<\/style><h3 class=\"elementor-heading-title elementor-size-default\">Quienes Somos<\/h3>\t\t<\/div>\n\t\t\t\t<\/div>\n\t\t\t\t<div class=\"elementor-element elementor-element-a287c9c elementor-widget elementor-widget-text-editor\" data-id=\"a287c9c\" data-element_type=\"widget\" data-widget_type=\"text-editor.default\">\n\t\t\t\t<div class=\"elementor-widget-container\">\n\t\t\t<style>\/*! elementor - v3.21.0 - 26-05-2024 *\/\n.elementor-widget-text-editor.elementor-drop-cap-view-stacked .elementor-drop-cap{background-color:#69727d;color:#fff}.elementor-widget-text-editor.elementor-drop-cap-view-framed .elementor-drop-cap{color:#69727d;border:3px solid;background-color:transparent}.elementor-widget-text-editor:not(.elementor-drop-cap-view-default) .elementor-drop-cap{margin-top:8px}.elementor-widget-text-editor:not(.elementor-drop-cap-view-default) .elementor-drop-cap-letter{width:1em;height:1em}.elementor-widget-text-editor .elementor-drop-cap{float:left;text-align:center;line-height:1;font-size:50px}.elementor-widget-text-editor .elementor-drop-cap-letter{display:inline-block}<\/style>\t\t\t\t<p>En <strong>Soldaduras Moreno<\/strong>, somos una empresa con una trayectoria s\u00f3lida y respetada en el \u00e1mbito de la soldadura y fabricaci\u00f3n de estructuras met\u00e1licas. Con m\u00e1s de [n\u00famero de a\u00f1os] a\u00f1os de experiencia, hemos construido una reputaci\u00f3n basada en la calidad, la precisi\u00f3n y la satisfacci\u00f3n del cliente. Nuestra dedicaci\u00f3n y compromiso con la excelencia nos han posicionado como l\u00edderes en el sector, proporcionando soluciones personalizadas y de alta calidad para cada uno de nuestros clientes.<\/p><p>Nuestro enfoque en la innovaci\u00f3n y el uso de las \u00faltimas tecnolog\u00edas nos permite ofrecer servicios de soldadura que cumplen con los m\u00e1s altos est\u00e1ndares de la industria. Ya sea en proyectos residenciales, comerciales o industriales, aplicamos nuestra experiencia y conocimientos t\u00e9cnicos para garantizar resultados que superan las expectativas.<\/p><p>En Soldaduras Moreno, nos enorgullece trabajar en colaboraci\u00f3n con nuestros clientes, entendiendo sus necesidades y brindando soluciones efectivas y duraderas. Nuestra pasi\u00f3n por la soldadura y el compromiso con la excelencia se reflejan en cada proyecto que realizamos, desde la fabricaci\u00f3n de portones y protecciones hasta la soldadura a domicilio.<\/p><p>La confianza de nuestros clientes es nuestro mayor logro, y seguimos dedic\u00e1ndonos a mantener y mejorar esa confianza a trav\u00e9s de un servicio excepcional y resultados impecables. En Soldaduras Moreno, no solo soldamos metales; construimos relaciones y confianza, un proyecto a la vez.<\/p>\t\t\t\t\t\t<\/div>\n\t\t\t\t<\/div>\n\t\t\t\t\t<\/div>\n\t\t<\/div>\n\t\t\t\t\t<\/div>\n\t\t<\/section>\n\t\t\t\t<section class=\"elementor-section elementor-top-section elementor-element elementor-element-79d91ec elementor-section-boxed elementor-section-height-default elementor-section-height-default\" data-id=\"79d91ec\" data-element_type=\"section\" data-settings=\"{&quot;jet_parallax_layout_list&quot;:[]}\">\n\t\t\t\t\t\t<div class=\"elementor-container elementor-column-gap-default\">\n\t\t\t\t\t<div class=\"elementor-column elementor-col-50 elementor-top-column elementor-element elementor-element-6467605\" data-id=\"6467605\" data-element_type=\"column\">\n\t\t\t<div class=\"elementor-widget-wrap elementor-element-populated\">\n\t\t\t\t\t\t<div class=\"elementor-element elementor-element-34581d4 elementor-widget elementor-widget-jet-animated-box\" data-id=\"34581d4\" data-element_type=\"widget\" data-widget_type=\"jet-animated-box.default\">\n\t\t\t\t<div class=\"elementor-widget-container\">\n\t\t\t<div class=\"elementor-jet-animated-box jet-elements\"><div id=\"jet-animated-box-34581d4\" class=\"jet-animated-box jet-box-effect-1\" data-settings='{\"widgetId\":\"34581d4\",\"switchEventType\":\"click\",\"paperFoldDirection\":\"left\",\"slideOutDirection\":\"left\",\"peelCornerPosition\":\"right\"}'>\n\t<div id=\"jet-animated-box__front-34581d4\" class=\"jet-animated-box__front\">\n\t\t<div class=\"jet-animated-box__inner\"><div class=\"jet-animated-box__content\"><h3 class=\"jet-animated-box__title jet-animated-box__title--front\">Misi\u00f3n <\/h3><\/div><\/div>\n\t\t<div class=\"jet-animated-box__overlay\"><\/div><\/div>\n\t<div id=\"jet-animated-box__back-34581d4\" class=\"jet-animated-box__back\">\n\t\t<div class=\"jet-animated-box__inner\"><div class=\"jet-animated-box__content\"><p class=\"jet-animated-box__description jet-animated-box__description--back\">En Soldaduras Moreno, nuestra misi\u00f3n es proporcionar servicios de soldadura y fabricaci\u00f3n de estructuras met\u00e1licas de la m\u00e1s alta calidad, superando las expectativas de nuestros clientes con soluciones personalizadas, innovaci\u00f3n y atenci\u00f3n al detalle, asegurando la m\u00e1xima satisfacci\u00f3n y seguridad en cada proyecto.<\/p><\/div><\/div>\n\t\t<div class=\"jet-animated-box__overlay\"><\/div><\/div>\n<\/div>\n<\/div>\t\t<\/div>\n\t\t\t\t<\/div>\n\t\t\t\t\t<\/div>\n\t\t<\/div>\n\t\t\t\t<div class=\"elementor-column elementor-col-50 elementor-top-column elementor-element elementor-element-943b700\" data-id=\"943b700\" data-element_type=\"column\">\n\t\t\t<div class=\"elementor-widget-wrap elementor-element-populated\">\n\t\t\t\t\t\t<div class=\"elementor-element elementor-element-ee8e063 elementor-widget elementor-widget-jet-animated-box\" data-id=\"ee8e063\" data-element_type=\"widget\" data-widget_type=\"jet-animated-box.default\">\n\t\t\t\t<div class=\"elementor-widget-container\">\n\t\t\t<div class=\"elementor-jet-animated-box jet-elements\"><div id=\"jet-animated-box-ee8e063\" class=\"jet-animated-box jet-box-effect-1\" data-settings='{\"widgetId\":\"ee8e063\",\"switchEventType\":\"click\",\"paperFoldDirection\":\"left\",\"slideOutDirection\":\"left\",\"peelCornerPosition\":\"right\"}'>\n\t<div id=\"jet-animated-box__front-ee8e063\" class=\"jet-animated-box__front\">\n\t\t<div class=\"jet-animated-box__inner\"><div class=\"jet-animated-box__content\"><h3 class=\"jet-animated-box__title jet-animated-box__title--front\">Visi\u00f3n <\/h3><\/div><\/div>\n\t\t<div class=\"jet-animated-box__overlay\"><\/div><\/div>\n\t<div id=\"jet-animated-box__back-ee8e063\" class=\"jet-animated-box__back\">\n\t\t<div class=\"jet-animated-box__inner\"><div class=\"jet-animated-box__content\"><p class=\"jet-animated-box__description jet-animated-box__description--back\">Ser reconocidos como l\u00edderes en el sector de la soldadura y fabricaci\u00f3n de estructuras met\u00e1licas, distingui\u00e9ndonos por nuestra excelencia, innovaci\u00f3n y compromiso con la calidad. Aspiramos a expandir nuestras capacidades y fortalecer nuestras relaciones con clientes, estableciendo nuevos est\u00e1ndares en el mercado.<\/p><\/div><\/div>\n\t\t<div class=\"jet-animated-box__overlay\"><\/div><\/div>\n<\/div>\n<\/div>\t\t<\/div>\n\t\t\t\t<\/div>\n\t\t\t\t\t<\/div>\n\t\t<\/div>\n\t\t\t\t\t<\/div>\n\t\t<\/section>\n\t\t\t\t<\/div>\n\t\t","protected":false},"excerpt":{"rendered":"<p>Quienes Somos En Soldaduras Moreno, somos una empresa con una trayectoria s\u00f3lida y respetada en el \u00e1mbito de la soldadura y fabricaci\u00f3n de estructuras met\u00e1licas. Con m\u00e1s de [n\u00famero de a\u00f1os] a\u00f1os de experiencia, hemos construido una reputaci\u00f3n basada en la calidad, la precisi\u00f3n y la satisfacci\u00f3n del cliente. Nuestra dedicaci\u00f3n y compromiso con la [&hellip;]<\/p>\n","protected":false},"author":3,"featured_media":0,"parent":0,"menu_order":0,"comment_status":"closed","ping_status":"closed","template":"","meta":{"footnotes":""},"class_list":["post-2671","page","type-page","status-publish","hentry"],"_links":{"self":[{"href":"https:\/\/soldaduramoreno.cl\/index.php\/wp-json\/wp\/v2\/pages\/2671","targetHints":{"allow":["GET"]}}],"collection":[{"href":"https:\/\/soldaduramoreno.cl\/index.php\/wp-json\/wp\/v2\/pages"}],"about":[{"href":"https:\/\/soldaduramoreno.cl\/index.php\/wp-json\/wp\/v2\/types\/page"}],"author":[{"embeddable":true,"href":"https:\/\/soldaduramoreno.cl\/index.php\/wp-json\/wp\/v2\/users\/3"}],"replies":[{"embeddable":true,"href":"https:\/\/soldaduramoreno.cl\/index.php\/wp-json\/wp\/v2\/comments?post=2671"}],"version-history":[{"count":76,"href":"https:\/\/soldaduramoreno.cl\/index.php\/wp-json\/wp\/v2\/pages\/2671\/revisions"}],"predecessor-version":[{"id":2998,"href":"https:\/\/soldaduramoreno.cl\/index.php\/wp-json\/wp\/v2\/pages\/2671\/revisions\/2998"}],"wp:attachment":[{"href":"https:\/\/soldaduramoreno.cl\/index.php\/wp-json\/wp\/v2\/media?parent=2671"}],"curies":[{"name":"wp","href":"https:\/\/api.w.org\/{rel}","templated":true}]}}